{"id":334,"date":"2014-03-15T23:05:04","date_gmt":"2014-03-15T22:05:04","guid":{"rendered":"http:\/\/fotocastro.wordpress.com\/?page_id=334"},"modified":"2014-03-15T23:05:04","modified_gmt":"2014-03-15T22:05:04","slug":"datos-biograficos","status":"publish","type":"page","link":"http:\/\/castroalba.es\/fotocastro\/manuel-castro-nunez\/datos-biograficos\/","title":{"rendered":"Datos biogr\u00e1ficos"},"content":{"rendered":"<p style=\"text-align:center;\"><a href=\"https:\/\/i0.wp.com\/castroalba.es\/fotocastro\/wp-content\/uploads\/2014\/03\/manuel_castro.jpg\"><img data-recalc-dims=\"1\" loading=\"lazy\" decoding=\"async\" class=\"alignnone size-full wp-image-329\" alt=\"Manuel Castro N\u00fa\u00f1ez\" src=\"https:\/\/i0.wp.com\/castroalba.es\/fotocastro\/wp-content\/uploads\/2014\/03\/manuel_castro.jpg?resize=614%2C897\" width=\"614\" height=\"897\" srcset=\"https:\/\/i0.wp.com\/castroalba.es\/fotocastro\/wp-content\/uploads\/2014\/03\/manuel_castro.jpg?w=945 945w, https:\/\/i0.wp.com\/castroalba.es\/fotocastro\/wp-content\/uploads\/2014\/03\/manuel_castro.jpg?resize=205%2C300 205w, https:\/\/i0.wp.com\/castroalba.es\/fotocastro\/wp-content\/uploads\/2014\/03\/manuel_castro.jpg?resize=701%2C1024 701w\" sizes=\"(max-width: 614px) 100vw, 614px\" \/><\/a><\/p>\n<p style=\"text-align:justify;\"><strong style=\"text-align:justify;line-height:1.5em;\">Manuel Castro N\u00fa\u00f1ez<\/strong><span style=\"text-align:justify;line-height:1.5em;\">\u00a0naci\u00f3 en Narla (Friol) el 2 de marzo de 1936 y falleci\u00f3 el 8 de mayo de 2011.\u00a0<\/span><span style=\"text-align:justify;line-height:1.5em;\">Este blog quiere destacar una faceta\u00a0 de su personalidad a la que dedic\u00f3 toda su vida:\u00a0<\/span><strong style=\"text-align:justify;line-height:1.5em;\">la fotograf\u00eda<\/strong><span style=\"text-align:justify;line-height:1.5em;\">. Aunque profesionalmente\u00a0 se forj\u00f3 como Agente Forestal, su trayectoria vital, unida a su aficci\u00f3n\u00a0<\/span><em style=\"text-align:justify;line-height:1.5em;\">-hecha tambi\u00e9n profesi\u00f3n en muchos momentos-<\/em><span style=\"text-align:justify;line-height:1.5em;\">\u00a0hizo que\u00a0 instantes de la vida cotidiana, personal, laboral\u2026 de gran parte de los\u00a0 habitantes de la zona de A Monta\u00f1a de la provincia de Lugo quedase plasmada en sus instant\u00e1neas.<\/span><\/p>\n<p style=\"text-align:justify;\">Al recoger sus fotograf\u00edas entcontramos una radiograf\u00eda de un pa\u00eds y de unas gentes que lucha en su transici\u00f3n a la demoracia con un trabajo incansable. Tambi\u00e9n quedan retratos los momentos de alegr\u00eda (bodas bautizos, comuniones\u2026). Y son muchas las caras que duermen en los negativos de tres d\u00e9cadas de\u00a0<em>\u201cfotos carnet\u201d<\/em>\u00a0en los se reflejan las vidas de muchas personas, que, a trav\u00e9s de esos rostros,\u00a0 transparentan todos tipo de sentimientos.<\/p>\n<p style=\"text-align:justify;\">No se sabe cuando Castro -que as\u00ed le conoc\u00edan todos- empez\u00f3 a coger una c\u00e1mara de fotos. El hecho es que una vez que la tuvo en sus manos form\u00f3 parte de su indumentaria cotidiana. Lo que s\u00ed se sabe es que el 4 de octubre de 1950 \u2013con 14 a\u00f1os- Manuel Castro se incorpora al mercado laboral como \u201clistero\u201d para Patrimonio Forestal del Estado. Inicia as\u00ed una trayectoria profesional a la que va a dedicar 50 a\u00f1os de su vida. Habr\u00eda que exceptuar la temporada del servicio militar, al que se incorpora el 22 de febrero de 1958, haciendo la instrucci\u00f3n en el Regimiento de Infanter\u00eda Isabel la Cat\u00f3lica de A Coru\u00f1a.<\/p>\n<p style=\"text-align:justify;\">Finalizada \u00e9sta, se march\u00f3 el 5 de abril al campamento de Santa Cruz de Parga. Jura bandera el 2 de mayo y el 25 de junio es ascendido a cabo de Infanter\u00eda. Se licencia el 31 de julio de 1959, fijando su residencia en la localidad de Narla, en Friol y sigue trabajando en el sector forestal por el R\u00e9gimen Especial Agrario. Tiene computados desde 1952, un total de 5.540 d\u00edas. Con los cambios en los destinos laborales cambia su localidad natal de Narla por las tierras de la comarca de O Cebreiro. Y, en 1968, se incorpor\u00f3 al cuerpo de Agentes Forestales del ICONA, integrado en el Ministerio de Agricultura. Aqu\u00ed permanecer\u00e1 en un total de 7.155 d\u00edas, 19 a\u00f1os y medio, hasta 1987, que, sumados a los anteriores dan un total de 12.786 d\u00edas, 35 a\u00f1os de servicio forestal.<\/p>\n<p style=\"text-align:justify;\">Por estos lugares de trabajo, conoce a Delfina Alba, de Vilar de San Andr\u00e9s y se casa con ella en 1971. Su domicilio definitivo desde entonces ser\u00e1 Pedrafita do Cebreiro.<\/p>\n<p style=\"text-align:justify;\">A finales de los ochenta se perfilan cambios de dependencia administrativa y el ICONA pasa integrarse en la Xunta de Galicia, de modo que el 1 de enero de 1989 consolida el grado de Agente Forestal y entra en el Servicio de Montes e Industrias Forestales de la Conseller\u00eda de Agricultura, Gandar\u00eda e Montes. El 10 de diciembre de 1992 culmina su carrera forestal como Agente Zonal de Montes, del cuerpo de auxiliares t\u00e9cnicos de la Xunta de Galicia. Y su zona de trabajo es Pedrafita do Cebreiro. El 2 de marzo de 2001 se jubila en esta localidad donde desarroll\u00f3, junto a su \u00e1rea de influencia la pr\u00e1ctica totalidad de sus cincuenta a\u00f1os de su actividad profesional.<\/p>\n","protected":false},"excerpt":{"rendered":"<p>Manuel Castro N\u00fa\u00f1ez\u00a0naci\u00f3 en Narla (Friol) el 2 de marzo de 1936 y falleci\u00f3 el&#8230;<\/p>\n","protected":false},"author":1,"featured_media":0,"parent":331,"menu_order":0,"comment_status":"open","ping_status":"open","template":"","meta":{"footnotes":""},"jetpack_sharing_enabled":true,"_links":{"self":[{"href":"http:\/\/castroalba.es\/fotocastro\/wp-json\/wp\/v2\/pages\/334"}],"collection":[{"href":"http:\/\/castroalba.es\/fotocastro\/wp-json\/wp\/v2\/pages"}],"about":[{"href":"http:\/\/castroalba.es\/fotocastro\/wp-json\/wp\/v2\/types\/page"}],"author":[{"embeddable":true,"href":"http:\/\/castroalba.es\/fotocastro\/wp-json\/wp\/v2\/users\/1"}],"replies":[{"embeddable":true,"href":"http:\/\/castroalba.es\/fotocastro\/wp-json\/wp\/v2\/comments?post=334"}],"version-history":[{"count":0,"href":"http:\/\/castroalba.es\/fotocastro\/wp-json\/wp\/v2\/pages\/334\/revisions"}],"up":[{"embeddable":true,"href":"http:\/\/castroalba.es\/fotocastro\/wp-json\/wp\/v2\/pages\/331"}],"wp:attachment":[{"href":"http:\/\/castroalba.es\/fotocastro\/wp-json\/wp\/v2\/media?parent=334"}],"curies":[{"name":"wp","href":"https:\/\/api.w.org\/{rel}","templated":true}]}}